{"id":12,"date":"2013-02-08T14:58:27","date_gmt":"2013-02-08T13:58:27","guid":{"rendered":"http:\/\/recrutement.nov05.net\/?page_id=12"},"modified":"2017-11-10T11:43:20","modified_gmt":"2017-11-10T10:43:20","slug":"accueil","status":"publish","type":"page","link":"https:\/\/recrutement.nov05.net\/","title":{"rendered":"Entretien de recrutement"},"content":{"rendered":"<p><a href=\"http:\/\/recrutement.nov05.net\/?page_id=36\">Recrutement assistante de direction<\/a><\/p>\n<p><a href=\"http:\/\/recrutement.nov05.net\/?page_id=41\">Recrutement charg\u00e9 marketing \/R\u00e9dacteur Web<\/a><\/p>\n<p><a href=\"http:\/\/recrutement.nov05.net\/?page_id=47\">Recrutement Community manager<\/a><\/p>\n<p><a href=\"http:\/\/recrutement.nov05.net\/?page_id=5 \">Recrutement responsable commercial<\/a><\/p>\n<p><a href=\"http:\/\/recrutement.nov05.net\/?page_id=19\">Recrutement t\u00e9l\u00e9vendeur<\/a><\/p>\n<p><a title=\"recrutement web designer\" href=\"http:\/\/recrutement.nov05.net\/?page_id=24\">Recrutement Designer<\/a><\/p>\n<p><a href=\"http:\/\/recrutement.nov05.net\/?page_id=27\">Recrutement D\u00e9veloppeur<\/a><\/p>\n<p><a href=\"http:\/\/recrutement.nov05.net\/?page_id=32\">Recrutement SEO<\/a><\/p>\n<p><a href=\"http:\/\/recrutement.nov05.net\/?page_id=50 \">Recrutement Commercial \u00e0 Tunis<\/a><\/p>\n<p><a href=\"http:\/\/recrutement.nov05.net\/?page_id=54 \">Technico-commercial \/ Administration syst\u00e8me<\/a><\/p>\n<p><a href=\"http:\/\/recrutement.nov05.net\/?page_id=57\">Recrutement Stage PFE<\/a><\/p>\n<p>&nbsp;<\/p>\n<p>&nbsp;<\/p>\n","protected":false},"excerpt":{"rendered":"<p>Recrutement assistante de direction Recrutement charg\u00e9 marketing \/R\u00e9dacteur Web Recrutement Community manager Recrutement responsable commercial Recrutement t\u00e9l\u00e9vendeur Recrutement Designer Recrutement D\u00e9veloppeur Recrutement SEO Recrutement Commercial \u00e0 Tunis Technico-commercial \/ Administration syst\u00e8me Recrutement Stage PFE &nbsp; &nbsp;<\/p>\n","protected":false},"author":1,"featured_media":0,"parent":0,"menu_order":0,"comment_status":"closed","ping_status":"closed","template":"","meta":[],"_links":{"self":[{"href":"https:\/\/recrutement.nov05.net\/index.php?rest_route=\/wp\/v2\/pages\/12"}],"collection":[{"href":"https:\/\/recrutement.nov05.net\/index.php?rest_route=\/wp\/v2\/pages"}],"about":[{"href":"https:\/\/recrutement.nov05.net\/index.php?rest_route=\/wp\/v2\/types\/page"}],"author":[{"embeddable":true,"href":"https:\/\/recrutement.nov05.net\/index.php?rest_route=\/wp\/v2\/users\/1"}],"replies":[{"embeddable":true,"href":"https:\/\/recrutement.nov05.net\/index.php?rest_route=%2Fwp%2Fv2%2Fcomments&post=12"}],"version-history":[{"count":18,"href":"https:\/\/recrutement.nov05.net\/index.php?rest_route=\/wp\/v2\/pages\/12\/revisions"}],"predecessor-version":[{"id":60,"href":"https:\/\/recrutement.nov05.net\/index.php?rest_route=\/wp\/v2\/pages\/12\/revisions\/60"}],"wp:attachment":[{"href":"https:\/\/recrutement.nov05.net\/index.php?rest_route=%2Fwp%2Fv2%2Fmedia&parent=12"}],"curies":[{"name":"wp","href":"https:\/\/api.w.org\/{rel}","templated":true}]}}