{"id":50,"date":"2017-01-21T12:14:01","date_gmt":"2017-01-21T11:14:01","guid":{"rendered":"http:\/\/recrutement.nov05.net\/?page_id=50"},"modified":"2017-01-21T12:14:01","modified_gmt":"2017-01-21T11:14:01","slug":"recrutement-commercial-a-tunis","status":"publish","type":"page","link":"https:\/\/recrutement.nov05.net\/?page_id=50","title":{"rendered":"Recrutement Commercial \u00e0 Tunis"},"content":{"rendered":"\r\n                <div class='gf_browser_gecko gform_wrapper' id='gform_wrapper_10' ><a id='gf_10' name='gf_10' class='gform_anchor' ><\/a><form method='post' enctype='multipart\/form-data'  id='gform_10'  action='\/index.php?rest_route=%2Fwp%2Fv2%2Fpages%2F50#gf_10'>\r\n                        <div class='gform_heading'>\r\n                            <h3 class='gform_title'>Recrutement  commercial Web TUN<\/h3>\r\n                            <span class='gform_description'>Nous vous prions de bien vouloir remplir le formulaire ci-dessous<\/span>\r\n                        <\/div>\r\n        <div id='gf_progressbar_wrapper_10' class='gf_progressbar_wrapper'>\r\n            <h3 class='gf_progressbar_title'>\u00c9tape 1 de 3\r\n        <\/h3>\r\n            <div class='gf_progressbar'>\r\n                <div class='gf_progressbar_percentage percentbar_blue percentbar_33' style='width:33%;'><span>33%<\/span><\/div>\r\n            <\/div><\/div>\r\n                        <div class='gform_body'><div id='gform_page_10_1' class='gform_page' >\r\n                                    <div class='gform_page_fields'>\r\n                            <ul id='gform_fields_10' class='gform_fields top_label description_below'><li id='field_10_1' class='gfield               gfield_contains_required' ><label class='gfield_label' for='input_10_1_3'>Nom<span class='gfield_required'>*<\/span><\/label><div class='ginput_complex ginput_container' id='input_10_1'><span id='input_10_1_3_container' class='ginput_left'><input type='text' name='input_1.3' id='input_10_1_3' value='' tabindex='1' \/><label for='input_10_1_3'>Pr\u00e9nom<\/label><\/span><span id='input_10_1_6_container' class='ginput_right'><input type='text' name='input_1.6' id='input_10_1_6' value='' tabindex='2' \/><label for='input_10_1_6'>Nom<\/label><\/span><div class='gf_clear gf_clear_complex'><\/div><\/div><\/li><li id='field_10_4' class='gfield' ><label class='gfield_label' for='input_10_4_1'>Adresse<\/label><div class='ginput_complex ginput_container' id='input_10_4'><span class='ginput_full' id='input_10_4_1_container'><input type='text' name='input_4.1' id='input_10_4_1' value='' tabindex='3' \/><label for='input_10_4_1' id='input_10_4_1_label'>No., rue, casier postal...<\/label><\/span><span class='ginput_left' id='input_10_4_3_container'><input type='text' name='input_4.3' id='input_10_4_3' value='' tabindex='4' \/><label for='input_10_4_3' id='input_10_4.3_label'>Ville<\/label><\/span><input type='hidden' class='gform_hidden' name='input_4.4' id='input_10_4_4' value=''\/><span class='ginput_right' id='input_10_4_5_container'><input type='text' name='input_4.5' id='input_10_4_5' value='' tabindex='5' \/><label for='input_10_4_5' id='input_10_4_5_label'>ZIP \/ Postal Code<\/label><\/span><span class='ginput_left' id='input_10_4_6_container' ><select name='input_4.6' id='input_10_4_6' tabindex='6' ><option value='' ><\/option><option value='Afghanistan' >Afghanistan<\/option><option value='Albanie' >Albanie<\/option><option value='Alg\u00e9rie' >Alg\u00e9rie<\/option><option value='Samoa am\u00e9ricaines' >Samoa am\u00e9ricaines<\/option><option value='Andorre' >Andorre<\/option><option value='Angola' >Angola<\/option><option value='Antigua-et-Barbuda' >Antigua-et-Barbuda<\/option><option value='Argentine' >Argentine<\/option><option value='Arm\u00e9nie' >Arm\u00e9nie<\/option><option value='Australie' >Australie<\/option><option value='Autriche' >Autriche<\/option><option value='Azerba\u00efdjan' >Azerba\u00efdjan<\/option><option value='Bahamas' >Bahamas<\/option><option value='Bahre\u00efn' >Bahre\u00efn<\/option><option value='Bangladesh' >Bangladesh<\/option><option value='La Barbade' >La Barbade<\/option><option value='Belarus' >Belarus<\/option><option value='Belgique' >Belgique<\/option><option value='Belize' >Belize<\/option><option value='B\u00e9nin' >B\u00e9nin<\/option><option value='Bermudes' >Bermudes<\/option><option value='Bhoutan' >Bhoutan<\/option><option value='Bolivie' >Bolivie<\/option><option value='Bosnie-Herz\u00e9govine' >Bosnie-Herz\u00e9govine<\/option><option value='Botswana' >Botswana<\/option><option value='Br\u00e9sil' >Br\u00e9sil<\/option><option value='Brunei' >Brunei<\/option><option value='Bulgarie' >Bulgarie<\/option><option value='Burkina Faso' >Burkina Faso<\/option><option value='Burundi' >Burundi<\/option><option value='Cambodge' >Cambodge<\/option><option value='Cameroun' >Cameroun<\/option><option value='Canada' >Canada<\/option><option value='Cap-Vert' >Cap-Vert<\/option><option value='R\u00e9publique centrafricaine' >R\u00e9publique centrafricaine<\/option><option value='Tchad' >Tchad<\/option><option value='Chili' >Chili<\/option><option value='Chine' >Chine<\/option><option value='Colombie' >Colombie<\/option><option value='Comores' >Comores<\/option><option value='R\u00e9publique d\u00e9mocratique du Congo' >R\u00e9publique d\u00e9mocratique du Congo<\/option><option value='R\u00e9publique du Congo' >R\u00e9publique du Congo<\/option><option value='Costa Rica' >Costa Rica<\/option><option value='C&ocirc;te d&#039;Ivoire' >C&ocirc;te d'Ivoire<\/option><option value='Croatie' >Croatie<\/option><option value='Cuba' >Cuba<\/option><option value='Chypre' >Chypre<\/option><option value='R\u00e9publique tch\u00e8que' >R\u00e9publique tch\u00e8que<\/option><option value='Danemark' >Danemark<\/option><option value='Djibouti' >Djibouti<\/option><option value='Dominique' >Dominique<\/option><option value='R\u00e9publique Dominicaine' >R\u00e9publique Dominicaine<\/option><option value='Timor oriental' >Timor oriental<\/option><option value='\u00c9quateur' >\u00c9quateur<\/option><option value='\u00c9gypte' >\u00c9gypte<\/option><option value='El Salvador' >El Salvador<\/option><option value='Guin\u00e9e \u00e9quatoriale' >Guin\u00e9e \u00e9quatoriale<\/option><option value='\u00c9rythr\u00e9e' >\u00c9rythr\u00e9e<\/option><option value='Estonie' >Estonie<\/option><option value='\u00c9thiopie' >\u00c9thiopie<\/option><option value='Fidji' >Fidji<\/option><option value='Finlande' >Finlande<\/option><option value='France' >France<\/option><option value='Gabon' >Gabon<\/option><option value='Gambie' >Gambie<\/option><option value='G\u00e9orgie' >G\u00e9orgie<\/option><option value='Allemagne' >Allemagne<\/option><option value='Ghana' >Ghana<\/option><option value='Gr\u00e8ce' >Gr\u00e8ce<\/option><option value='Groenland' >Groenland<\/option><option value='Grenade' >Grenade<\/option><option value='Guam' >Guam<\/option><option value='Guatemala' >Guatemala<\/option><option value='Guin\u00e9e' >Guin\u00e9e<\/option><option value='Guin\u00e9e-Bissau' >Guin\u00e9e-Bissau<\/option><option value='Guyane' >Guyane<\/option><option value='Ha\u00efti' >Ha\u00efti<\/option><option value='Honduras' >Honduras<\/option><option value='Hong Kong' >Hong Kong<\/option><option value='Hongrie' >Hongrie<\/option><option value='Islande' >Islande<\/option><option value='Inde' >Inde<\/option><option value='Indon\u00e9sie' >Indon\u00e9sie<\/option><option value='Iran' >Iran<\/option><option value='Irak' >Irak<\/option><option value='Irlande' >Irlande<\/option><option value='Isra\u00ebl' >Isra\u00ebl<\/option><option value='Italie' >Italie<\/option><option value='Jama\u00efque' >Jama\u00efque<\/option><option value='Japon' >Japon<\/option><option value='Jordanie' >Jordanie<\/option><option value='Kazakhstan' >Kazakhstan<\/option><option value='Kenya' >Kenya<\/option><option value='Kiribati' >Kiribati<\/option><option value='Cor\u00e9e du Nord' >Cor\u00e9e du Nord<\/option><option value='Cor\u00e9e du Sud' >Cor\u00e9e du Sud<\/option><option value='Kowe\u00eft' >Kowe\u00eft<\/option><option value='Kirghizistan' >Kirghizistan<\/option><option value='Laos' >Laos<\/option><option value='Lettonie' >Lettonie<\/option><option value='Liban' >Liban<\/option><option value='Lesotho' >Lesotho<\/option><option value='Liberia' >Liberia<\/option><option value='Libie' >Libie<\/option><option value='Liechtenstein' >Liechtenstein<\/option><option value='Lituanie' >Lituanie<\/option><option value='Luxembourg' >Luxembourg<\/option><option value='Mac\u00e9doine' >Mac\u00e9doine<\/option><option value='Madagascar' >Madagascar<\/option><option value='Malawi' >Malawi<\/option><option value='Malaisie' >Malaisie<\/option><option value='Maldives' >Maldives<\/option><option value='Mali' >Mali<\/option><option value='Malte' >Malte<\/option><option value='\u00celes Marshall' >\u00celes Marshall<\/option><option value='Mauritanie' >Mauritanie<\/option><option value='Ile Maurice' >Ile Maurice<\/option><option value='Mexique' >Mexique<\/option><option value='Micron\u00e9sie' >Micron\u00e9sie<\/option><option value='Moldavie' >Moldavie<\/option><option value='Monaco' >Monaco<\/option><option value='Mongolie' >Mongolie<\/option><option value='Mont\u00e9n\u00e9gro' >Mont\u00e9n\u00e9gro<\/option><option value='Maroc' >Maroc<\/option><option value='Mozambique' >Mozambique<\/option><option value='Myanmar' >Myanmar<\/option><option value='Namibie' >Namibie<\/option><option value='Nauru' >Nauru<\/option><option value='N\u00e9pal' >N\u00e9pal<\/option><option value='Pays-Bas' >Pays-Bas<\/option><option value='Nouvelle-Z\u00e9lande' >Nouvelle-Z\u00e9lande<\/option><option value='Nicaragua' >Nicaragua<\/option><option value='Niger' >Niger<\/option><option value='Nig\u00e9ria' >Nig\u00e9ria<\/option><option value='Norv\u00e8ge' >Norv\u00e8ge<\/option><option value='\u00celes Mariannes du Nord' >\u00celes Mariannes du Nord<\/option><option value='Oman' >Oman<\/option><option value='Pakistan' >Pakistan<\/option><option value='Palau' >Palau<\/option><option value='Palestine' >Palestine<\/option><option value='Panama' >Panama<\/option><option value='Papouasie-Nouvelle-Guin\u00e9e' >Papouasie-Nouvelle-Guin\u00e9e<\/option><option value='Paraguay' >Paraguay<\/option><option value='P\u00e9rou' >P\u00e9rou<\/option><option value='Philippines' >Philippines<\/option><option value='Pologne' >Pologne<\/option><option value='Portugal' >Portugal<\/option><option value='Puerto Rico' >Puerto Rico<\/option><option value='Qatar' >Qatar<\/option><option value='Roumanie' >Roumanie<\/option><option value='Russie' >Russie<\/option><option value='Rwanda' >Rwanda<\/option><option value='Saint-Kitts-et-Nevis' >Saint-Kitts-et-Nevis<\/option><option value='Sainte-Lucie' >Sainte-Lucie<\/option><option value='Saint-Vincent-et-les Grenadines' >Saint-Vincent-et-les Grenadines<\/option><option value='Samoa' >Samoa<\/option><option value='Saint-Marin' >Saint-Marin<\/option><option value='Sao Tom\u00e9 et Principe' >Sao Tom\u00e9 et Principe<\/option><option value='Arabie Saoudite' >Arabie Saoudite<\/option><option value='S\u00e9n\u00e9gal' >S\u00e9n\u00e9gal<\/option><option value='Serbie et Mont\u00e9n\u00e9gro' >Serbie et Mont\u00e9n\u00e9gro<\/option><option value='Seychelles' >Seychelles<\/option><option value='Sierra Leone' >Sierra Leone<\/option><option value='Singapour' >Singapour<\/option><option value='Slovaquie' >Slovaquie<\/option><option value='Slov\u00e9nie' >Slov\u00e9nie<\/option><option value='Iles Salomon' >Iles Salomon<\/option><option value='Somalie' >Somalie<\/option><option value='Afrique du Sud' >Afrique du Sud<\/option><option value='Espagne' >Espagne<\/option><option value='Sri Lanka' >Sri Lanka<\/option><option value='Soudan' >Soudan<\/option><option value='Soudan Sud' >Soudan Sud<\/option><option value='Suriname' >Suriname<\/option><option value='Swaziland' >Swaziland<\/option><option value='Su\u00e8de' >Su\u00e8de<\/option><option value='Suisse' >Suisse<\/option><option value='Syrie' >Syrie<\/option><option value='Taiwan' >Taiwan<\/option><option value='Tadjikistan' >Tadjikistan<\/option><option value='Tanzanie' >Tanzanie<\/option><option value='Tha\u00eflande' >Tha\u00eflande<\/option><option value='Togo' >Togo<\/option><option value='Tonga' >Tonga<\/option><option value='Trinidad et Tobago' >Trinidad et Tobago<\/option><option value='Tunisie' selected='selected'>Tunisie<\/option><option value='Turquie' >Turquie<\/option><option value='Turkm\u00e9nistan' >Turkm\u00e9nistan<\/option><option value='Tuvalu' >Tuvalu<\/option><option value='Ouganda' >Ouganda<\/option><option value='Ukraine' >Ukraine<\/option><option value='\u00c9mirats arabes unis' >\u00c9mirats arabes unis<\/option><option value='Royaume-Uni' >Royaume-Uni<\/option><option value='\u00c9tats-Unis' >\u00c9tats-Unis<\/option><option value='Uruguay' >Uruguay<\/option><option value='Ouzb\u00e9kistan' >Ouzb\u00e9kistan<\/option><option value='Vanuatu' >Vanuatu<\/option><option value='Cit\u00e9 du Vatican' >Cit\u00e9 du Vatican<\/option><option value='Venezuela' >Venezuela<\/option><option value='Vietnam' >Vietnam<\/option><option value='\u00celes Vierges britanniques' >\u00celes Vierges britanniques<\/option><option value='Iles Vierges am\u00e9ricaines' >Iles Vierges am\u00e9ricaines<\/option><option value='Y\u00e9men' >Y\u00e9men<\/option><option value='Zambie' >Zambie<\/option><option value='Zimbabwe' >Zimbabwe<\/option><\/select><label for='input_10_4_6' id='input_10_4_6_label'>Pays<\/label><\/span><div class='gf_clear gf_clear_complex'><\/div><\/div><\/li><li id='field_10_3' class='gfield               gfield_contains_required' ><label class='gfield_label' for='input_10_3'>T\u00e9l\u00e9phone<span class='gfield_required'>*<\/span><\/label><div class='ginput_container'><input name='input_3' id='input_10_3' type='text' value='' class='medium' tabindex='7'  \/><\/div><\/li><li id='field_10_55' class='gfield               gfield_contains_required' ><label class='gfield_label' for='input_10_55'>Votre E-mail<span class='gfield_required'>*<\/span><\/label><div class='ginput_container'><input name='input_55' id='input_10_55' type='text' value='' class='medium'  tabindex='8'   \/><\/div><\/li><li id='field_10_2' class='gfield               gfield_contains_required' ><label class='gfield_label' for='input_10_2'>Date de naissance<span class='gfield_required'>*<\/span><\/label><div class='ginput_container'><input name='input_2' id='input_10_2' type='text' value='' class='datepicker medium dmy datepicker_no_icon' tabindex='9' \/> <\/div><input type='hidden' id='gforms_calendar_icon_input_10_2' class='gform_hidden' value='https:\/\/recrutement.nov05.net\/wp-content\/plugins\/gravityforms\/images\/calendar.png'\/><\/li><li id='field_10_54' class='gfield               gfield_contains_required' ><label class='gfield_label' for='input_10_54'>Ann\u00e9es d&#039;exp\u00e9rience<span class='gfield_required'>*<\/span><\/label><div class='ginput_container'><select name='input_54' id='input_10_54'  class='medium gfield_select' tabindex='10' ><option value='0' >0<\/option><option value='&lt;= 2 ans' >&lt;= 2 ans<\/option><option value='&gt;= 2 ans' >&gt;= 2 ans<\/option><\/select><\/div><\/li><li id='field_10_6' class='gfield' ><label class='gfield_label' for='input_10_6'>Parlez-moi de vous ! Quels sont vos points forts et points faibles ? <\/label><div class='ginput_container'><textarea name='input_6' id='input_10_6' class='textarea small' tabindex='11'   rows='10' cols='50'><\/textarea><\/div><\/li><li id='field_10_11' class='gfield' ><label class='gfield_label' for='input_10_11'>Quels sont vos objectifs personnels, professionnels ? <\/label><div class='ginput_container'><textarea name='input_11' id='input_10_11' class='textarea small' tabindex='12'   rows='10' cols='50'><\/textarea><\/div><\/li><li id='field_10_53' class='gfield' ><label class='gfield_label' for='input_10_53'>Quelles sont vos pr\u00e9tentions salariales ?<\/label><div class='ginput_container'><input name='input_53' id='input_10_53' type='text' value='' class='medium'  tabindex='13'   \/><\/div><\/li><\/ul>\r\n                    <\/div>\r\n                    <div class='gform_page_footer'>\r\n                         <input type='button' id='gform_next_button_10_10' class='button gform_next_button' value='Suivant' tabindex='14' onclick='jQuery(\"#gform_target_page_number_10\").val(\"2\"); jQuery(\"#gform_10\").trigger(\"submit\",[true]); '\/>\r\n                    <\/div>\r\n                <\/div>\r\n                <div id='gform_page_10_2' class='gform_page' style='display:none;'>\r\n                    <div class='gform_page_fields'>\r\n                        <ul class='gform_fields top_label'><li id='field_10_23' class='gfield' ><label class='gfield_label' for='input_10_23'>Pour quels motifs avez-vous quitt\u00e9 votre dernier emploi (ou quittez-vous votre emploi actuel) ? <\/label><div class='ginput_container'><textarea name='input_23' id='input_10_23' class='textarea small' tabindex='15'   rows='10' cols='50'><\/textarea><\/div><\/li><li id='field_10_30' class='gfield' ><label class='gfield_label' for='input_10_30'>Quelle d\u00e9cision la plus difficile avez-vous \u00e9t\u00e9 amen\u00e9 \u00e0 prendre ?<\/label><div class='ginput_container'><textarea name='input_30' id='input_10_30' class='textarea small' tabindex='16'   rows='10' cols='50'><\/textarea><\/div><\/li><li id='field_10_41' class='gfield' ><label class='gfield_label' for='input_10_41'>Quel est le dernier livre que vous avez lu ? Quel type de presse lisez-vous ? <\/label><div class='ginput_container'><textarea name='input_41' id='input_10_41' class='textarea small' tabindex='17'   rows='10' cols='50'><\/textarea><\/div><\/li><\/ul>\r\n                    <\/div>\r\n                    <div class='gform_page_footer'>\r\n                        <input type='button' id='gform_previous_button_10_37' class='button gform_previous_button' value='Pr\u00e9c\u00e9dent' tabindex='19' onclick='jQuery(\"#gform_target_page_number_10\").val(\"1\"); jQuery(\"#gform_10\").trigger(\"submit\",[true]); '\/> <input type='button' id='gform_next_button_10_37' class='button gform_next_button' value='Suivant' tabindex='18' onclick='jQuery(\"#gform_target_page_number_10\").val(\"3\"); jQuery(\"#gform_10\").trigger(\"submit\",[true]); '\/>\r\n                    <\/div>\r\n                <\/div>\r\n                <div id='gform_page_10_3' class='gform_page' style='display:none;'>\r\n                    <div class='gform_page_fields'>\r\n                        <ul class='gform_fields top_label'><li id='field_10_47' class='gfield' ><label class='gfield_label' for='input_10_47'>Quelle est la diff\u00e9rence entre un site statique et un site dynamique ?<\/label><div class='ginput_container'><textarea name='input_47' id='input_10_47' class='textarea small' tabindex='20'   rows='10' cols='50'><\/textarea><\/div><\/li><li id='field_10_52' class='gfield' ><label class='gfield_label' for='input_10_52'> R\u00e9diger un mail type pour reporter un rendez-vous.<\/label><div class='ginput_container'><textarea name='input_52' id='input_10_52' class='textarea small' tabindex='21'   rows='10' cols='50'><\/textarea><\/div><\/li><li id='field_10_51' class='gfield' ><label class='gfield_label' for='input_10_51'>Un client qui  demande un devis pour un site e-commerce ! R\u00e9diger un mail  pour demander plus d&#039;informations.  <\/label><div class='ginput_container'><textarea name='input_51' id='input_10_51' class='textarea small' tabindex='22'   rows='10' cols='50'><\/textarea><\/div><\/li><li id='field_10_50' class='gfield' ><label class='gfield_label' for='input_10_50'>Un client qui  demande un devis pour un site e-commerce et vous parle de 500 euros de budget alors qu&#039;un site ecommerce co\u00fbte 2000 euros! R\u00e9diger un mail de r\u00e9ponse.<\/label><div class='ginput_container'><textarea name='input_50' id='input_10_50' class='textarea small' tabindex='23'   rows='10' cols='50'><\/textarea><\/div><\/li><li id='field_10_49' class='gfield' ><label class='gfield_label' for='input_10_49'>Quel est votre vision de notre entreprise apr\u00e8s cet entretien ? <\/label><div class='ginput_container'><textarea name='input_49' id='input_10_49' class='textarea small' tabindex='24'   rows='10' cols='50'><\/textarea><\/div><\/li>\r\n                            <\/ul><\/div>\r\n        <div class='gform_page_footer top_label'><input type='submit' id='gform_previous_button_10' class='button gform_previous_button' value='Pr\u00e9c\u00e9dent' tabindex='25' onclick='if(window[\"gf_submitting_10\"]){return false;}  window[\"gf_submitting_10\"]=true; '\/> <input type='submit' id='gform_submit_button_10' class='button gform_button' value='Envoyer' tabindex='26' onclick='if(window[\"gf_submitting_10\"]){return false;}  window[\"gf_submitting_10\"]=true; '\/>\r\n            <input type='hidden' class='gform_hidden' name='is_submit_10' value='1' \/>\r\n            <input type='hidden' class='gform_hidden' name='gform_submit' value='10' \/>\r\n            <input type='hidden' class='gform_hidden' name='gform_unique_id' value='' \/>\r\n            <input type='hidden' class='gform_hidden' name='state_10' value='WyJhOjA6e30iLCIxOWU3MWY1ZDlmOGZmMDRhODI0M2ZhZDQzMGI4ZWQxYSJd' \/>\r\n            <input type='hidden' class='gform_hidden' name='gform_target_page_number_10' id='gform_target_page_number_10' value='2' \/>\r\n            <input type='hidden' class='gform_hidden' name='gform_source_page_number_10' id='gform_source_page_number_10' value='1' \/>\r\n            <input type='hidden' name='gform_field_values' value='' \/>\r\n            \r\n        <\/div>\r\n                            <\/div><\/div>\r\n                <\/form>\r\n                <\/div><script type='text\/javascript'> jQuery(document).ready(function(){jQuery(document).trigger('gform_post_render', [10, 1]) } ); <\/script>\n","protected":false},"excerpt":{"rendered":"","protected":false},"author":1,"featured_media":0,"parent":0,"menu_order":0,"comment_status":"closed","ping_status":"closed","template":"","meta":[],"_links":{"self":[{"href":"https:\/\/recrutement.nov05.net\/index.php?rest_route=\/wp\/v2\/pages\/50"}],"collection":[{"href":"https:\/\/recrutement.nov05.net\/index.php?rest_route=\/wp\/v2\/pages"}],"about":[{"href":"https:\/\/recrutement.nov05.net\/index.php?rest_route=\/wp\/v2\/types\/page"}],"author":[{"embeddable":true,"href":"https:\/\/recrutement.nov05.net\/index.php?rest_route=\/wp\/v2\/users\/1"}],"replies":[{"embeddable":true,"href":"https:\/\/recrutement.nov05.net\/index.php?rest_route=%2Fwp%2Fv2%2Fcomments&post=50"}],"version-history":[{"count":2,"href":"https:\/\/recrutement.nov05.net\/index.php?rest_route=\/wp\/v2\/pages\/50\/revisions"}],"predecessor-version":[{"id":53,"href":"https:\/\/recrutement.nov05.net\/index.php?rest_route=\/wp\/v2\/pages\/50\/revisions\/53"}],"wp:attachment":[{"href":"https:\/\/recrutement.nov05.net\/index.php?rest_route=%2Fwp%2Fv2%2Fmedia&parent=50"}],"curies":[{"name":"wp","href":"https:\/\/api.w.org\/{rel}","templated":true}]}}