{"id":54,"date":"2017-09-15T17:22:03","date_gmt":"2017-09-15T16:22:03","guid":{"rendered":"http:\/\/recrutement.nov05.net\/?page_id=54"},"modified":"2017-09-15T17:22:03","modified_gmt":"2017-09-15T16:22:03","slug":"recrutement-technico-commercial-administrateur-it","status":"publish","type":"page","link":"https:\/\/recrutement.nov05.net\/?page_id=54","title":{"rendered":"Recrutement Technico commercial \/ Administrateur IT"},"content":{"rendered":"\r\n                <div class='gf_browser_gecko gform_wrapper' id='gform_wrapper_11' ><a id='gf_11' name='gf_11' class='gform_anchor' ><\/a><form method='post' enctype='multipart\/form-data'  id='gform_11'  action='\/index.php?rest_route=%2Fwp%2Fv2%2Fpages%2F54#gf_11'>\r\n                        <div class='gform_heading'>\r\n                            <h3 class='gform_title'>Technico-commercial \/ Administration system <\/h3>\r\n                            <span class='gform_description'>Nous vous prions de bien vouloir remplir le formulaire ci-dessous<\/span>\r\n                        <\/div>\r\n        <div id='gf_progressbar_wrapper_11' class='gf_progressbar_wrapper'>\r\n            <h3 class='gf_progressbar_title'>\u00c9tape 1 de 5\r\n        <\/h3>\r\n            <div class='gf_progressbar'>\r\n                <div class='gf_progressbar_percentage percentbar_blue percentbar_20' style='width:20%;'><span>20%<\/span><\/div>\r\n            <\/div><\/div>\r\n                        <div class='gform_body'><div id='gform_page_11_1' class='gform_page' >\r\n                                    <div class='gform_page_fields'>\r\n                            <ul id='gform_fields_11' class='gform_fields top_label description_below'><li id='field_11_1' class='gfield               gfield_contains_required' ><label class='gfield_label' for='input_11_1_3'>Nom<span class='gfield_required'>*<\/span><\/label><div class='ginput_complex ginput_container' id='input_11_1'><span id='input_11_1_3_container' class='ginput_left'><input type='text' name='input_1.3' id='input_11_1_3' value='' tabindex='1' \/><label for='input_11_1_3'>Pr\u00e9nom<\/label><\/span><span id='input_11_1_6_container' class='ginput_right'><input type='text' name='input_1.6' id='input_11_1_6' value='' tabindex='2' \/><label for='input_11_1_6'>Nom<\/label><\/span><div class='gf_clear gf_clear_complex'><\/div><\/div><\/li><li id='field_11_4' class='gfield               gfield_contains_required' ><label class='gfield_label' for='input_11_4_1'>Adresse<span class='gfield_required'>*<\/span><\/label><div class='ginput_complex ginput_container' id='input_11_4'><span class='ginput_full' id='input_11_4_1_container'><input type='text' name='input_4.1' id='input_11_4_1' value='' tabindex='3' \/><label for='input_11_4_1' id='input_11_4_1_label'>No., rue, casier postal...<\/label><\/span><span class='ginput_left' id='input_11_4_3_container'><input type='text' name='input_4.3' id='input_11_4_3' value='' tabindex='4' \/><label for='input_11_4_3' id='input_11_4.3_label'>Ville<\/label><\/span><input type='hidden' class='gform_hidden' name='input_4.4' id='input_11_4_4' value=''\/><span class='ginput_right' id='input_11_4_5_container'><input type='text' name='input_4.5' id='input_11_4_5' value='' tabindex='5' \/><label for='input_11_4_5' id='input_11_4_5_label'>ZIP \/ Postal Code<\/label><\/span><input type='hidden' class='gform_hidden' name='input_4.6' id='input_11_4_6' value=''\/><div class='gf_clear gf_clear_complex'><\/div><\/div><\/li><li id='field_11_3' class='gfield               gfield_contains_required' ><label class='gfield_label' for='input_11_3'>T\u00e9l\u00e9phone<span class='gfield_required'>*<\/span><\/label><div class='ginput_container'><input name='input_3' id='input_11_3' type='text' value='' class='medium' tabindex='6'  \/><\/div><\/li><li id='field_11_53' class='gfield               gfield_contains_required' ><label class='gfield_label' for='input_11_53'>Votre Email<span class='gfield_required'>*<\/span><\/label><div class='ginput_container'><input name='input_53' id='input_11_53' type='text' value='' class='medium'  tabindex='7'   \/><\/div><\/li><li id='field_11_2' class='gfield               gfield_contains_required' ><label class='gfield_label' for='input_11_2'>Date de naissance<span class='gfield_required'>*<\/span><\/label><div class='ginput_container'><input name='input_2' id='input_11_2' type='text' value='' class='datepicker medium dmy datepicker_no_icon' tabindex='8' \/> <\/div><input type='hidden' id='gforms_calendar_icon_input_11_2' class='gform_hidden' value='https:\/\/recrutement.nov05.net\/wp-content\/plugins\/gravityforms\/images\/calendar.png'\/><\/li><li id='field_11_54' class='gfield               gfield_contains_required' ><label class='gfield_label' for='input_11_54'>Exp\u00e9rience<span class='gfield_required'>*<\/span><\/label><div class='ginput_container'><select name='input_54' id='input_11_54'  class='medium gfield_select' tabindex='9' ><option value='sans exp\u00e9rience' >sans exp\u00e9rience<\/option><option value='&lt;=2 ans' >&lt;=2 ans<\/option><option value='&gt;=2 ans' >&gt;=2 ans<\/option><\/select><\/div><\/li><\/ul>\r\n                    <\/div>\r\n                    <div class='gform_page_footer'>\r\n                         <input type='button' id='gform_next_button_11_5' class='button gform_next_button' value='Suivant' tabindex='10' onclick='jQuery(\"#gform_target_page_number_11\").val(\"2\"); jQuery(\"#gform_11\").trigger(\"submit\",[true]); '\/>\r\n                    <\/div>\r\n                <\/div>\r\n                <div id='gform_page_11_2' class='gform_page' style='display:none;'>\r\n                    <div class='gform_page_fields'>\r\n                        <ul class='gform_fields top_label'><li id='field_11_6' class='gfield' ><label class='gfield_label' for='input_11_6'>Parlez-moi de vous ! <\/label><div class='ginput_container'><textarea name='input_6' id='input_11_6' class='textarea small' tabindex='11'   rows='10' cols='50'><\/textarea><\/div><\/li><li id='field_11_11' class='gfield' ><label class='gfield_label' for='input_11_11'>Quels sont vos objectifs personnels, professionnels ?  O\u00f9 vous voyez-vous dans cinq ans ? <\/label><div class='ginput_container'><textarea name='input_11' id='input_11_11' class='textarea small' tabindex='12'   rows='10' cols='50'><\/textarea><\/div><\/li><li id='field_11_16' class='gfield               gfield_contains_required' ><label class='gfield_label' for='input_11_16'>Quel salaire demandez-vous ? <span class='gfield_required'>*<\/span><\/label><div class='ginput_container'><textarea name='input_16' id='input_11_16' class='textarea small' tabindex='13'   rows='10' cols='50'><\/textarea><\/div><\/li><\/ul>\r\n                    <\/div>\r\n                    <div class='gform_page_footer'>\r\n                        <input type='button' id='gform_previous_button_11_10' class='button gform_previous_button' value='Pr\u00e9c\u00e9dent' tabindex='15' onclick='jQuery(\"#gform_target_page_number_11\").val(\"1\"); jQuery(\"#gform_11\").trigger(\"submit\",[true]); '\/> <input type='button' id='gform_next_button_11_10' class='button gform_next_button' value='Suivant' tabindex='14' onclick='jQuery(\"#gform_target_page_number_11\").val(\"3\"); jQuery(\"#gform_11\").trigger(\"submit\",[true]); '\/>\r\n                    <\/div>\r\n                <\/div>\r\n                <div id='gform_page_11_3' class='gform_page' style='display:none;'>\r\n                    <div class='gform_page_fields'>\r\n                        <ul class='gform_fields top_label'><li id='field_11_27' class='gfield' ><label class='gfield_label' for='input_11_27'>Comment g\u00e9rez-vous la pression ? Est-elle une source de motivation ?<\/label><div class='ginput_container'><textarea name='input_27' id='input_11_27' class='textarea small' tabindex='16'   rows='10' cols='50'><\/textarea><\/div><\/li><li id='field_11_26' class='gfield' ><label class='gfield_label' for='input_11_26'>Pr\u00e9f\u00e9rez-vous un poste \u00e0 responsabilit\u00e9s ou un poste d&#039;ex\u00e9cutant ? <\/label><div class='ginput_container'><textarea name='input_26' id='input_11_26' class='textarea small' tabindex='17'   rows='10' cols='50'><\/textarea><\/div><\/li><li id='field_11_23' class='gfield' ><label class='gfield_label' for='input_11_23'>Pour quels motifs avez-vous quitt\u00e9 votre dernier emploi (ou quittez-vous votre emploi actuel) ? <\/label><div class='ginput_container'><textarea name='input_23' id='input_11_23' class='textarea small' tabindex='18'   rows='10' cols='50'><\/textarea><\/div><\/li><li id='field_11_22' class='gfield' ><label class='gfield_label' for='input_11_22'>Quel est selon vous l\u2019employeur ou le manager id\u00e9al ?<\/label><div class='ginput_container'><textarea name='input_22' id='input_11_22' class='textarea small' tabindex='19'   rows='10' cols='50'><\/textarea><\/div><\/li><\/ul>\r\n                    <\/div>\r\n                    <div class='gform_page_footer'>\r\n                        <input type='button' id='gform_previous_button_11_20' class='button gform_previous_button' value='Pr\u00e9c\u00e9dent' tabindex='21' onclick='jQuery(\"#gform_target_page_number_11\").val(\"2\"); jQuery(\"#gform_11\").trigger(\"submit\",[true]); '\/> <input type='button' id='gform_next_button_11_20' class='button gform_next_button' value='Suivant' tabindex='20' onclick='jQuery(\"#gform_target_page_number_11\").val(\"4\"); jQuery(\"#gform_11\").trigger(\"submit\",[true]); '\/>\r\n                    <\/div>\r\n                <\/div>\r\n                <div id='gform_page_11_4' class='gform_page' style='display:none;'>\r\n                    <div class='gform_page_fields'>\r\n                        <ul class='gform_fields top_label'><li id='field_11_56' class='gfield               gfield_contains_required' ><label class='gfield_label'> Si je configure sur ma machine dont l&#039;adresse IP est 10.200.200.4, mon serveur httpd pour etre utilis\u00e9 sur le port 8000. Quelle sera l&#039;adresse d&#039;une URL allant chercher mapage.html stock\u00e9e dans la r\u00e9pertoire par d\u00e9faut ? <span class='gfield_required'>*<\/span><\/label><div class='ginput_container'><ul class='gfield_radio' id='input_11_56'><li class='gchoice_56_0'><input name='input_56' type='radio' value='http:\/\/10.200.200.4\/mapage.html '  id='choice_56_0' tabindex='22'    \/><label for='choice_56_0'>http:\/\/10.200.200.4\/mapage.html <\/label><\/li><li class='gchoice_56_1'><input name='input_56' type='radio' value='http:\/\/10.200.200.4\/mapage.html\/8000 '  id='choice_56_1' tabindex='23'    \/><label for='choice_56_1'>http:\/\/10.200.200.4\/mapage.html\/8000 <\/label><\/li><li class='gchoice_56_2'><input name='input_56' type='radio' value='http:\/\/10.200.20.4.8000\/mapage.html'  id='choice_56_2' tabindex='24'    \/><label for='choice_56_2'>http:\/\/10.200.20.4.8000\/mapage.html<\/label><\/li><li class='gchoice_56_3'><input name='input_56' type='radio' value='http:\/\/10.200.20.4:8000\/mapage.html'  id='choice_56_3' tabindex='25'    \/><label for='choice_56_3'>http:\/\/10.200.20.4:8000\/mapage.html<\/label><\/li><li class='gchoice_56_4'><input name='input_56' type='radio' value='http:\/\/10.200.20.4\/mapage.html:8000'  id='choice_56_4' tabindex='26'    \/><label for='choice_56_4'>http:\/\/10.200.20.4\/mapage.html:8000<\/label><\/li><\/ul><\/div><\/li><li id='field_11_50' class='gfield               gfield_contains_required' ><label class='gfield_label' for='input_11_50'>Comment savoir si son adresse ip est blacklist\u00e9 pour l&#039;envoi de mail ?<span class='gfield_required'>*<\/span><\/label><div class='ginput_container'><textarea name='input_50' id='input_11_50' class='textarea small' tabindex='27'   rows='10' cols='50'><\/textarea><\/div><\/li><li id='field_11_47' class='gfield               gfield_contains_required' ><label class='gfield_label' for='input_11_47'>Citer des serveurs de messagerie \u00e9lectronique SMTP gratuit<span class='gfield_required'>*<\/span><\/label><div class='ginput_container'><textarea name='input_47' id='input_11_47' class='textarea small' tabindex='28'   rows='10' cols='50'><\/textarea><\/div><\/li><li id='field_11_57' class='gfield               gfield_contains_required' ><label class='gfield_label' for='input_11_57'>C&#039;est quoi la diff\u00e9rence entre pop3 et imap ?<span class='gfield_required'>*<\/span><\/label><div class='ginput_container'><textarea name='input_57' id='input_11_57' class='textarea medium' tabindex='29'   rows='10' cols='50'><\/textarea><\/div><\/li><li id='field_11_58' class='gfield               gfield_contains_required' ><label class='gfield_label' for='input_11_58'>C&#039;est quoi la commande \u00e0 utiliser pour copier un repertoire d&#039;un serveur vers un autre avec SSH ?<span class='gfield_required'>*<\/span><\/label><div class='ginput_container'><textarea name='input_58' id='input_11_58' class='textarea medium' tabindex='30'   rows='10' cols='50'><\/textarea><\/div><\/li><\/ul>\r\n                    <\/div>\r\n                    <div class='gform_page_footer'>\r\n                        <input type='button' id='gform_previous_button_11_37' class='button gform_previous_button' value='Pr\u00e9c\u00e9dent' tabindex='32' onclick='jQuery(\"#gform_target_page_number_11\").val(\"3\"); jQuery(\"#gform_11\").trigger(\"submit\",[true]); '\/> <input type='button' id='gform_next_button_11_37' class='button gform_next_button' value='Suivant' tabindex='31' onclick='jQuery(\"#gform_target_page_number_11\").val(\"5\"); jQuery(\"#gform_11\").trigger(\"submit\",[true]); '\/>\r\n                    <\/div>\r\n                <\/div>\r\n                <div id='gform_page_11_5' class='gform_page' style='display:none;'>\r\n                    <div class='gform_page_fields'>\r\n                        <ul class='gform_fields top_label'><li id='field_11_52' class='gfield' ><label class='gfield_label' for='input_11_52'> R\u00e9diger un mail pour reporter un rendez-vous.<\/label><div class='ginput_container'><textarea name='input_52' id='input_11_52' class='textarea small' tabindex='33'   rows='10' cols='50'><\/textarea><\/div><\/li><li id='field_11_51' class='gfield' ><label class='gfield_label' for='input_11_51'>Un client qui h\u00e9berge son site web chez nous, et vous r\u00e9clame un probl\u00e8me d&#039;envoi de  mail, r\u00e9diger un mail de r\u00e9ponse avec une ou deux solutions pour le d\u00e9panner. <\/label><div class='ginput_container'><textarea name='input_51' id='input_11_51' class='textarea small' tabindex='34'   rows='10' cols='50'><\/textarea><\/div><\/li><li id='field_11_49' class='gfield' ><label class='gfield_label' for='input_11_49'>Quel est votre vision de notre entreprise apr\u00e8s cet entretien ? <\/label><div class='ginput_container'><textarea name='input_49' id='input_11_49' class='textarea small' tabindex='35'   rows='10' cols='50'><\/textarea><\/div><\/li>\r\n                            <\/ul><\/div>\r\n        <div class='gform_page_footer top_label'><input type='submit' id='gform_previous_button_11' class='button gform_previous_button' value='Pr\u00e9c\u00e9dent' tabindex='36' onclick='if(window[\"gf_submitting_11\"]){return false;}  window[\"gf_submitting_11\"]=true; '\/> <input type='submit' id='gform_submit_button_11' class='button gform_button' value='Envoyer' tabindex='37' onclick='if(window[\"gf_submitting_11\"]){return false;}  window[\"gf_submitting_11\"]=true; '\/>\r\n            <input type='hidden' class='gform_hidden' name='is_submit_11' value='1' \/>\r\n            <input type='hidden' class='gform_hidden' name='gform_submit' value='11' \/>\r\n            <input type='hidden' class='gform_hidden' name='gform_unique_id' value='' \/>\r\n            <input type='hidden' class='gform_hidden' name='state_11' value='WyJhOjA6e30iLCIxOWU3MWY1ZDlmOGZmMDRhODI0M2ZhZDQzMGI4ZWQxYSJd' \/>\r\n            <input type='hidden' class='gform_hidden' name='gform_target_page_number_11' id='gform_target_page_number_11' value='2' \/>\r\n            <input type='hidden' class='gform_hidden' name='gform_source_page_number_11' id='gform_source_page_number_11' value='1' \/>\r\n            <input type='hidden' name='gform_field_values' value='' \/>\r\n            \r\n        <\/div>\r\n                            <\/div><\/div>\r\n                <\/form>\r\n                <\/div><script type='text\/javascript'> jQuery(document).ready(function(){jQuery(document).trigger('gform_post_render', [11, 1]) } ); <\/script>\n","protected":false},"excerpt":{"rendered":"","protected":false},"author":1,"featured_media":0,"parent":0,"menu_order":0,"comment_status":"closed","ping_status":"closed","template":"","meta":[],"_links":{"self":[{"href":"https:\/\/recrutement.nov05.net\/index.php?rest_route=\/wp\/v2\/pages\/54"}],"collection":[{"href":"https:\/\/recrutement.nov05.net\/index.php?rest_route=\/wp\/v2\/pages"}],"about":[{"href":"https:\/\/recrutement.nov05.net\/index.php?rest_route=\/wp\/v2\/types\/page"}],"author":[{"embeddable":true,"href":"https:\/\/recrutement.nov05.net\/index.php?rest_route=\/wp\/v2\/users\/1"}],"replies":[{"embeddable":true,"href":"https:\/\/recrutement.nov05.net\/index.php?rest_route=%2Fwp%2Fv2%2Fcomments&post=54"}],"version-history":[{"count":1,"href":"https:\/\/recrutement.nov05.net\/index.php?rest_route=\/wp\/v2\/pages\/54\/revisions"}],"predecessor-version":[{"id":55,"href":"https:\/\/recrutement.nov05.net\/index.php?rest_route=\/wp\/v2\/pages\/54\/revisions\/55"}],"wp:attachment":[{"href":"https:\/\/recrutement.nov05.net\/index.php?rest_route=%2Fwp%2Fv2%2Fmedia&parent=54"}],"curies":[{"name":"wp","href":"https:\/\/api.w.org\/{rel}","templated":true}]}}