{"id":57,"date":"2017-11-10T11:41:46","date_gmt":"2017-11-10T10:41:46","guid":{"rendered":"http:\/\/recrutement.nov05.net\/?page_id=57"},"modified":"2017-11-10T11:41:46","modified_gmt":"2017-11-10T10:41:46","slug":"recrutement-stage-pfe","status":"publish","type":"page","link":"https:\/\/recrutement.nov05.net\/?page_id=57","title":{"rendered":"Recrutement  Stage PFE"},"content":{"rendered":"\r\n                <div class='gf_browser_gecko gform_wrapper' id='gform_wrapper_12' ><a id='gf_12' name='gf_12' class='gform_anchor' ><\/a><form method='post' enctype='multipart\/form-data' target='gform_ajax_frame_12' id='gform_12'  action='\/index.php?rest_route=%2Fwp%2Fv2%2Fpages%2F57#gf_12'>\r\n                        <div class='gform_heading'>\r\n                            <h3 class='gform_title'>Recrutement Stage PFE<\/h3>\r\n                            <span class='gform_description'>Nous vous prions de bien vouloir remplir le formulaire ci-dessous<\/span>\r\n                        <\/div>\r\n        <div id='gf_progressbar_wrapper_12' class='gf_progressbar_wrapper'>\r\n            <h3 class='gf_progressbar_title'>\u00c9tape 1 de 4\r\n        <\/h3>\r\n            <div class='gf_progressbar'>\r\n                <div class='gf_progressbar_percentage percentbar_blue percentbar_25' style='width:25%;'><span>25%<\/span><\/div>\r\n            <\/div><\/div>\r\n                        <div class='gform_body'><div id='gform_page_12_1' class='gform_page' >\r\n                                    <div class='gform_page_fields'>\r\n                            <ul id='gform_fields_12' class='gform_fields top_label description_below'><li id='field_12_1' class='gfield               gfield_contains_required' ><label class='gfield_label' for='input_12_1_3'>Nom<span class='gfield_required'>*<\/span><\/label><div class='ginput_complex ginput_container' id='input_12_1'><span id='input_12_1_3_container' class='ginput_left'><input type='text' name='input_1.3' id='input_12_1_3' value='' tabindex='1' \/><label for='input_12_1_3'>Pr\u00e9nom<\/label><\/span><span id='input_12_1_6_container' class='ginput_right'><input type='text' name='input_1.6' id='input_12_1_6' value='' tabindex='2' \/><label for='input_12_1_6'>Nom<\/label><\/span><div class='gf_clear gf_clear_complex'><\/div><\/div><\/li><li id='field_12_2' class='gfield               gfield_contains_required' ><label class='gfield_label' for='input_12_2'>Date de naissance<span class='gfield_required'>*<\/span><\/label><div class='ginput_container'><input name='input_2' id='input_12_2' type='text' value='' class='datepicker medium dmy datepicker_no_icon' tabindex='3' \/> <\/div><input type='hidden' id='gforms_calendar_icon_input_12_2' class='gform_hidden' value='https:\/\/recrutement.nov05.net\/wp-content\/plugins\/gravityforms\/images\/calendar.png'\/><\/li><li id='field_12_4' class='gfield               gfield_contains_required' ><label class='gfield_label' for='input_12_4_1'>Adresse<span class='gfield_required'>*<\/span><\/label><div class='ginput_complex ginput_container' id='input_12_4'><span class='ginput_full' id='input_12_4_1_container'><input type='text' name='input_4.1' id='input_12_4_1' value='' tabindex='4' \/><label for='input_12_4_1' id='input_12_4_1_label'>No., rue, casier postal...<\/label><\/span><span class='ginput_left' id='input_12_4_3_container'><input type='text' name='input_4.3' id='input_12_4_3' value='' tabindex='5' \/><label for='input_12_4_3' id='input_12_4.3_label'>Ville<\/label><\/span><input type='hidden' class='gform_hidden' name='input_4.4' id='input_12_4_4' value=''\/><span class='ginput_right' id='input_12_4_5_container'><input type='text' name='input_4.5' id='input_12_4_5' value='' tabindex='6' \/><label for='input_12_4_5' id='input_12_4_5_label'>ZIP \/ Postal Code<\/label><\/span><input type='hidden' class='gform_hidden' name='input_4.6' id='input_12_4_6' value=''\/><div class='gf_clear gf_clear_complex'><\/div><\/div><\/li><li id='field_12_3' class='gfield               gfield_contains_required' ><label class='gfield_label' for='input_12_3'>T\u00e9l\u00e9phone<span class='gfield_required'>*<\/span><\/label><div class='ginput_container'><input name='input_3' id='input_12_3' type='text' value='' class='medium' tabindex='7'  \/><\/div><\/li><li id='field_12_52' class='gfield               gfield_contains_required' ><label class='gfield_label' for='input_12_52'>Votre E-mail<span class='gfield_required'>*<\/span><\/label><div class='ginput_container'><input name='input_52' id='input_12_52' type='text' value='' class='medium'  tabindex='8'   \/><\/div><\/li><li id='field_12_53' class='gfield               gfield_contains_required' ><label class='gfield_label' for='input_12_53'>Nom de d\u00e9partement \/  Facult\u00e9 <span class='gfield_required'>*<\/span><\/label><div class='ginput_container'><input name='input_53' id='input_12_53' type='text' value='' class='medium'  tabindex='9'   \/><\/div><\/li><li id='field_12_54' class='gfield               gfield_contains_required' ><label class='gfield_label' for='input_12_54'>Date de d\u00e9but du stage<span class='gfield_required'>*<\/span><\/label><div class='ginput_container'><input name='input_54' id='input_12_54' type='text' value='' class='datepicker medium mdy datepicker_no_icon' tabindex='10' \/> <\/div><input type='hidden' id='gforms_calendar_icon_input_12_54' class='gform_hidden' value='https:\/\/recrutement.nov05.net\/wp-content\/plugins\/gravityforms\/images\/calendar.png'\/><\/li><li id='field_12_55' class='gfield               gfield_contains_required' ><label class='gfield_label' for='input_12_55'>Date de fin du stage<span class='gfield_required'>*<\/span><\/label><div class='ginput_container'><input name='input_55' id='input_12_55' type='text' value='' class='datepicker medium mdy datepicker_no_icon' tabindex='11' \/> <\/div><input type='hidden' id='gforms_calendar_icon_input_12_55' class='gform_hidden' value='https:\/\/recrutement.nov05.net\/wp-content\/plugins\/gravityforms\/images\/calendar.png'\/><\/li><li id='field_12_56' class='gfield               gfield_contains_required' ><label class='gfield_label' for='input_12_56'>Exigez vous un stage avec r\u00e9mun\u00e9ration ?<span class='gfield_required'>*<\/span><\/label><div class='ginput_container'><select name='input_56' id='input_12_56'  class='medium gfield_select' tabindex='12' ><option value='Oui' >Oui<\/option><option value='Non' >Non<\/option><\/select><\/div><\/li><li id='field_12_8' class='gfield' ><label class='gfield_label' for='input_12_8'>Quels sont vos points forts et points faibles ? <\/label><div class='ginput_container'><textarea name='input_8' id='input_12_8' class='textarea small' tabindex='13'   rows='10' cols='50'><\/textarea><\/div><\/li><li id='field_12_11' class='gfield' ><label class='gfield_label' for='input_12_11'>Quels sont vos objectifs personnels, professionnels ? <\/label><div class='ginput_container'><textarea name='input_11' id='input_12_11' class='textarea small' tabindex='14'   rows='10' cols='50'><\/textarea><\/div><\/li><\/ul>\r\n                    <\/div>\r\n                    <div class='gform_page_footer'>\r\n                         <input type='button' id='gform_next_button_12_5' class='button gform_next_button' value='Suivant' tabindex='15' onclick='jQuery(\"#gform_target_page_number_12\").val(\"2\"); jQuery(\"#gform_12\").trigger(\"submit\",[true]); '\/>\r\n                    <\/div>\r\n                <\/div>\r\n                <div id='gform_page_12_2' class='gform_page' style='display:none;'>\r\n                    <div class='gform_page_fields'>\r\n                        <ul class='gform_fields top_label'><li id='field_12_23' class='gfield' ><label class='gfield_label' for='input_12_23'>JavaScript est un langage interpr\u00e9t\u00e9 ou compil\u00e9 ? quel est le nom du son interpr\u00e9teur ou compilateur ?<\/label><div class='ginput_container'><textarea name='input_23' id='input_12_23' class='textarea small' tabindex='16'   rows='10' cols='50'><\/textarea><\/div><\/li><li id='field_12_24' class='gfield' ><label class='gfield_label' for='input_12_24'>Est-ce que jQuery est un Framework ? Quelles sont les avantages de jQuery? Est-ce qu&#039;on peut aboutir les m\u00eames fonctionnalit\u00e9s offert par jQuery avec JavaScript ?<\/label><div class='ginput_container'><textarea name='input_24' id='input_12_24' class='textarea small' tabindex='17'   rows='10' cols='50'><\/textarea><\/div><\/li><li id='field_12_16' class='gfield' ><label class='gfield_label' for='input_12_16'>D\u00e9finir le DOM et son r\u00f4le? et comment l&#039;utiliser ?<\/label><div class='ginput_container'><textarea name='input_16' id='input_12_16' class='textarea small' tabindex='18'   rows='10' cols='50'><\/textarea><\/div><\/li><li id='field_12_26' class='gfield' ><label class='gfield_label' for='input_12_26'>Quelles sont les avantages d&#039;utilisation de frameworks web ?<\/label><div class='ginput_container'><textarea name='input_26' id='input_12_26' class='textarea small' tabindex='19'   rows='10' cols='50'><\/textarea><\/div><\/li><\/ul>\r\n                    <\/div>\r\n                    <div class='gform_page_footer'>\r\n                        <input type='button' id='gform_previous_button_12_10' class='button gform_previous_button' value='Pr\u00e9c\u00e9dent' tabindex='21' onclick='jQuery(\"#gform_target_page_number_12\").val(\"1\"); jQuery(\"#gform_12\").trigger(\"submit\",[true]); '\/> <input type='button' id='gform_next_button_12_10' class='button gform_next_button' value='Suivant' tabindex='20' onclick='jQuery(\"#gform_target_page_number_12\").val(\"3\"); jQuery(\"#gform_12\").trigger(\"submit\",[true]); '\/>\r\n                    <\/div>\r\n                <\/div>\r\n                <div id='gform_page_12_3' class='gform_page' style='display:none;'>\r\n                    <div class='gform_page_fields'>\r\n                        <ul class='gform_fields top_label'><li id='field_12_34' class='gfield' ><label class='gfield_label' for='input_12_34'>Citez les avantages et les inconv\u00e9nients d&#039;utilisation du PHP ?<\/label><div class='ginput_container'><textarea name='input_34' id='input_12_34' class='textarea small' tabindex='22'   rows='10' cols='50'><\/textarea><\/div><\/li><li id='field_12_51' class='gfield' ><label class='gfield_label'>Quelle est la particularit\u00e9 de la page g\u00e9n\u00e9r\u00e9e par le serveur pour un client ?<\/label><div class='ginput_container'><ul class='gfield_radio' id='input_12_51'><li class='gchoice_51_0'><input name='input_51' type='radio' value='UElle est unique'  id='choice_51_0' tabindex='23'    \/><label for='choice_51_0'>UElle est unique<\/label><\/li><li class='gchoice_51_1'><input name='input_51' type='radio' value='Elle est prot\u00e9g\u00e9e'  id='choice_51_1' tabindex='24'    \/><label for='choice_51_1'>Elle est prot\u00e9g\u00e9e<\/label><\/li><li class='gchoice_51_2'><input name='input_51' type='radio' value='Elle s&#039;autod\u00e9truit au bout de 5 minutes'  id='choice_51_2' tabindex='25'    \/><label for='choice_51_2'>Elle s'autod\u00e9truit au bout de 5 minutes<\/label><\/li><\/ul><\/div><\/li><li id='field_12_27' class='gfield' ><label class='gfield_label' for='input_12_27'>Parmi les variables suivantes, lesquelles ont un nom valide (PHP): mavar, $mavar, $var5, $_mavar, $_5var, $__\u00e9l\u00e9ment1, $hotel4* ?<\/label><div class='ginput_container'><textarea name='input_27' id='input_12_27' class='textarea small' tabindex='26'   rows='10' cols='50'><\/textarea><\/div><\/li><li id='field_12_22' class='gfield' ><label class='gfield_label' for='input_12_22'>\u00c0 quoi sert l&#039;attribut UNSIGNED ? <\/label><div class='ginput_container'><textarea name='input_22' id='input_12_22' class='textarea small' tabindex='27'   rows='10' cols='50'><\/textarea><\/div><\/li><li id='field_12_29' class='gfield' ><label class='gfield_label' for='input_12_29'>Quelle est la commande \u00e0 utiliser pour supprimer un cl\u00e9 \u00e9tranger <\/label><div class='ginput_container'><textarea name='input_29' id='input_12_29' class='textarea small' tabindex='28'   rows='10' cols='50'><\/textarea><\/div><\/li><\/ul>\r\n                    <\/div>\r\n                    <div class='gform_page_footer'>\r\n                        <input type='button' id='gform_previous_button_12_37' class='button gform_previous_button' value='Pr\u00e9c\u00e9dent' tabindex='30' onclick='jQuery(\"#gform_target_page_number_12\").val(\"2\"); jQuery(\"#gform_12\").trigger(\"submit\",[true]); '\/> <input type='button' id='gform_next_button_12_37' class='button gform_next_button' value='Suivant' tabindex='29' onclick='jQuery(\"#gform_target_page_number_12\").val(\"4\"); jQuery(\"#gform_12\").trigger(\"submit\",[true]); '\/>\r\n                    <\/div>\r\n                <\/div>\r\n                <div id='gform_page_12_4' class='gform_page' style='display:none;'>\r\n                    <div class='gform_page_fields'>\r\n                        <ul class='gform_fields top_label'><li id='field_12_47' class='gfield' ><label class='gfield_label' for='input_12_47'>Comment avez-vous trouv\u00e9 notre entretien ? <\/label><div class='ginput_container'><textarea name='input_47' id='input_12_47' class='textarea small' tabindex='31'   rows='10' cols='50'><\/textarea><\/div><\/li><li id='field_12_49' class='gfield' ><label class='gfield_label' for='input_12_49'>Quel est votre vision de notre entreprise apr\u00e8s cet entretien ? <\/label><div class='ginput_container'><textarea name='input_49' id='input_12_49' class='textarea small' tabindex='32'   rows='10' cols='50'><\/textarea><\/div><\/li>\r\n                            <\/ul><\/div>\r\n        <div class='gform_page_footer top_label'><input type='submit' id='gform_previous_button_12' class='button gform_previous_button' value='Pr\u00e9c\u00e9dent' tabindex='33' onclick='if(window[\"gf_submitting_12\"]){return false;}  window[\"gf_submitting_12\"]=true; '\/> <input type='submit' id='gform_submit_button_12' class='button gform_button' value='Envoyer' tabindex='34' onclick='if(window[\"gf_submitting_12\"]){return false;}  window[\"gf_submitting_12\"]=true; '\/><input type='hidden' name='gform_ajax' value='form_id=12&amp;title=1&amp;description=1' \/>\r\n            <input type='hidden' class='gform_hidden' name='is_submit_12' value='1' \/>\r\n            <input type='hidden' class='gform_hidden' name='gform_submit' value='12' \/>\r\n            <input type='hidden' class='gform_hidden' name='gform_unique_id' value='' \/>\r\n            <input type='hidden' class='gform_hidden' name='state_12' value='WyJhOjA6e30iLCIxOWU3MWY1ZDlmOGZmMDRhODI0M2ZhZDQzMGI4ZWQxYSJd' \/>\r\n            <input type='hidden' class='gform_hidden' name='gform_target_page_number_12' id='gform_target_page_number_12' value='2' \/>\r\n            <input type='hidden' class='gform_hidden' name='gform_source_page_number_12' id='gform_source_page_number_12' value='1' \/>\r\n            <input type='hidden' name='gform_field_values' value='' \/>\r\n            \r\n        <\/div>\r\n                            <\/div><\/div>\r\n                <\/form>\r\n                <\/div>\r\n                <iframe style='display:none;width:0px; height:0px;' src='about:blank' name='gform_ajax_frame_12' id='gform_ajax_frame_12'><\/iframe>\r\n                <script type='text\/javascript'>function gformInitSpinner_12(){jQuery('#gform_12').submit(function(){if(jQuery('#gform_ajax_spinner_12').length == 0){jQuery('#gform_submit_button_12, #gform_wrapper_12 .gform_next_button, #gform_wrapper_12 .gform_image_button').after('<' + 'img id=\"gform_ajax_spinner_12\"  class=\"gform_ajax_spinner\" src=\"https:\/\/recrutement.nov05.net\/wp-content\/plugins\/gravityforms\/images\/spinner.gif\" alt=\"\" \/>'); }} );}jQuery(document).ready(function($){gformInitSpinner_12();jQuery('#gform_ajax_frame_12').load( function(){var contents = jQuery(this).contents().find('*').html();var is_postback = contents.indexOf('GF_AJAX_POSTBACK') >= 0;if(!is_postback){return;}var form_content = jQuery(this).contents().find('#gform_wrapper_12');var is_redirect = contents.indexOf('gformRedirect(){') >= 0;var is_form = !(form_content.length <= 0 || is_redirect);if(is_form){jQuery('#gform_wrapper_12').html(form_content.html());jQuery(document).scrollTop(jQuery('#gform_wrapper_12').offset().top);if(window['gformInitDatepicker']) {gformInitDatepicker();}if(window['gformInitPriceFields']) {gformInitPriceFields();}var current_page = jQuery('#gform_source_page_number_12').val();gformInitSpinner_12();jQuery(document).trigger('gform_page_loaded', [12, current_page]);window['gf_submitting'] = false;}else if(!is_redirect){var confirmation_content = jQuery(this).contents().find('#gforms_confirmation_message').html();if(!confirmation_content){confirmation_content = contents;}setTimeout(function(){jQuery('#gform_wrapper_12').replaceWith('<' + 'div id=\\'gforms_confirmation_message\\' class=\\'gform_confirmation_message_12\\'' + '>' + confirmation_content + '<' + '\/div' + '>');jQuery(document).scrollTop(jQuery('#gforms_confirmation_message').offset().top);jQuery(document).trigger('gform_confirmation_loaded', [12]);window['gf_submitting'] = false;}, 50);}else{jQuery('#gform_12').append(contents);if(window['gformRedirect']) {gformRedirect();}}jQuery(document).trigger('gform_post_render', [12, current_page]);} );} );<\/script><script type='text\/javascript'> jQuery(document).ready(function(){jQuery(document).trigger('gform_post_render', [12, 1]) } ); <\/script>\n","protected":false},"excerpt":{"rendered":"","protected":false},"author":1,"featured_media":0,"parent":0,"menu_order":0,"comment_status":"closed","ping_status":"closed","template":"","meta":[],"_links":{"self":[{"href":"https:\/\/recrutement.nov05.net\/index.php?rest_route=\/wp\/v2\/pages\/57"}],"collection":[{"href":"https:\/\/recrutement.nov05.net\/index.php?rest_route=\/wp\/v2\/pages"}],"about":[{"href":"https:\/\/recrutement.nov05.net\/index.php?rest_route=\/wp\/v2\/types\/page"}],"author":[{"embeddable":true,"href":"https:\/\/recrutement.nov05.net\/index.php?rest_route=\/wp\/v2\/users\/1"}],"replies":[{"embeddable":true,"href":"https:\/\/recrutement.nov05.net\/index.php?rest_route=%2Fwp%2Fv2%2Fcomments&post=57"}],"version-history":[{"count":1,"href":"https:\/\/recrutement.nov05.net\/index.php?rest_route=\/wp\/v2\/pages\/57\/revisions"}],"predecessor-version":[{"id":58,"href":"https:\/\/recrutement.nov05.net\/index.php?rest_route=\/wp\/v2\/pages\/57\/revisions\/58"}],"wp:attachment":[{"href":"https:\/\/recrutement.nov05.net\/index.php?rest_route=%2Fwp%2Fv2%2Fmedia&parent=57"}],"curies":[{"name":"wp","href":"https:\/\/api.w.org\/{rel}","templated":true}]}}